{"id":2253,"date":"2020-10-06T11:52:06","date_gmt":"2020-10-06T14:52:06","guid":{"rendered":"http:\/\/larex.poli.usp.br\/?page_id=2253"},"modified":"2021-06-16T11:13:46","modified_gmt":"2021-06-16T14:13:46","slug":"recuperacao-de-niquel-de-catalisadores-desativados-de-ni-sio2-atraves-da-rota-hidrometalurgica-de-lixiviacao-acida","status":"publish","type":"page","link":"https:\/\/larex.poli.usp.br\/en\/recuperacao-de-niquel-de-catalisadores-desativados-de-ni-sio2-atraves-da-rota-hidrometalurgica-de-lixiviacao-acida\/","title":{"rendered":"(Portugu\u00eas do Brasil) <center>Recupera\u00e7\u00e3o de N\u00edquel de Catalisadores desativados de Ni\/SiO2 atrav\u00e9s da rota hidrometal\u00fargica de Lixivia\u00e7\u00e3o \u00c1cida"},"content":{"rendered":"<p class=\"qtranxs-available-languages-message qtranxs-available-languages-message-en\">Sorry, this entry is only available in <a href=\"https:\/\/larex.poli.usp.br\/pb\/wp-json\/wp\/v2\/pages\/2253\" class=\"qtranxs-available-language-link qtranxs-available-language-link-pb\" title=\"Portugu\u00eas do Brasil\">Portugu\u00eas do Brasil<\/a>.<\/p>","protected":false},"excerpt":{"rendered":"<p>Sorry, this entry is only available in Portugu\u00eas do Brasil.<\/p>\n","protected":false},"author":21745,"featured_media":0,"parent":0,"menu_order":0,"comment_status":"closed","ping_status":"closed","template":"","meta":{"footnotes":"","_links_to":"","_links_to_target":""},"class_list":["post-2253","page","type-page","status-publish","hentry"],"_links":{"self":[{"href":"https:\/\/larex.poli.usp.br\/en\/wp-json\/wp\/v2\/pages\/2253","targetHints":{"allow":["GET"]}}],"collection":[{"href":"https:\/\/larex.poli.usp.br\/en\/wp-json\/wp\/v2\/pages"}],"about":[{"href":"https:\/\/larex.poli.usp.br\/en\/wp-json\/wp\/v2\/types\/page"}],"author":[{"embeddable":true,"href":"https:\/\/larex.poli.usp.br\/en\/wp-json\/wp\/v2\/users\/21745"}],"replies":[{"embeddable":true,"href":"https:\/\/larex.poli.usp.br\/en\/wp-json\/wp\/v2\/comments?post=2253"}],"version-history":[{"count":4,"href":"https:\/\/larex.poli.usp.br\/en\/wp-json\/wp\/v2\/pages\/2253\/revisions"}],"predecessor-version":[{"id":3334,"href":"https:\/\/larex.poli.usp.br\/en\/wp-json\/wp\/v2\/pages\/2253\/revisions\/3334"}],"wp:attachment":[{"href":"https:\/\/larex.poli.usp.br\/en\/wp-json\/wp\/v2\/media?parent=2253"}],"curies":[{"name":"wp","href":"https:\/\/api.w.org\/{rel}","templated":true}]}}