{"id":2322,"date":"2020-10-13T08:25:41","date_gmt":"2020-10-13T11:25:41","guid":{"rendered":"http:\/\/larex.poli.usp.br\/?page_id=2322"},"modified":"2022-09-12T07:53:23","modified_gmt":"2022-09-12T10:53:23","slug":"reciclagem-de-baterias-de-carros-eletricos-obtencao-de-metais-a-partir-de-processo-hidrometalurgico","status":"publish","type":"page","link":"https:\/\/larex.poli.usp.br\/en\/reciclagem-de-baterias-de-carros-eletricos-obtencao-de-metais-a-partir-de-processo-hidrometalurgico\/","title":{"rendered":"(Portugu\u00eas do Brasil) <center>Reciclagem de baterias de carros el\u00e9tricos: obten\u00e7\u00e3o de metais a partir de processo hidrometal\u00fargico"},"content":{"rendered":"<p class=\"qtranxs-available-languages-message qtranxs-available-languages-message-en\">Sorry, this entry is only available in <a href=\"https:\/\/larex.poli.usp.br\/pb\/wp-json\/wp\/v2\/pages\/2322\" class=\"qtranxs-available-language-link qtranxs-available-language-link-pb\" title=\"Portugu\u00eas do Brasil\">Portugu\u00eas do Brasil<\/a>.<\/p>","protected":false},"excerpt":{"rendered":"<p>Sorry, this entry is only available in Portugu\u00eas do Brasil.<\/p>\n","protected":false},"author":21745,"featured_media":0,"parent":0,"menu_order":0,"comment_status":"closed","ping_status":"closed","template":"","meta":{"footnotes":"","_links_to":"","_links_to_target":""},"class_list":["post-2322","page","type-page","status-publish","hentry"],"_links":{"self":[{"href":"https:\/\/larex.poli.usp.br\/en\/wp-json\/wp\/v2\/pages\/2322","targetHints":{"allow":["GET"]}}],"collection":[{"href":"https:\/\/larex.poli.usp.br\/en\/wp-json\/wp\/v2\/pages"}],"about":[{"href":"https:\/\/larex.poli.usp.br\/en\/wp-json\/wp\/v2\/types\/page"}],"author":[{"embeddable":true,"href":"https:\/\/larex.poli.usp.br\/en\/wp-json\/wp\/v2\/users\/21745"}],"replies":[{"embeddable":true,"href":"https:\/\/larex.poli.usp.br\/en\/wp-json\/wp\/v2\/comments?post=2322"}],"version-history":[{"count":5,"href":"https:\/\/larex.poli.usp.br\/en\/wp-json\/wp\/v2\/pages\/2322\/revisions"}],"predecessor-version":[{"id":3230,"href":"https:\/\/larex.poli.usp.br\/en\/wp-json\/wp\/v2\/pages\/2322\/revisions\/3230"}],"wp:attachment":[{"href":"https:\/\/larex.poli.usp.br\/en\/wp-json\/wp\/v2\/media?parent=2322"}],"curies":[{"name":"wp","href":"https:\/\/api.w.org\/{rel}","templated":true}]}}