{"id":2325,"date":"2020-10-13T08:36:06","date_gmt":"2020-10-13T11:36:06","guid":{"rendered":"http:\/\/larex.poli.usp.br\/?page_id=2325"},"modified":"2021-06-15T16:14:16","modified_gmt":"2021-06-15T19:14:16","slug":"reciclagem-de-baterias-de-carros-eletricos-a-partir-de-metodos-hidrometalurgicos-e-sustentaveis","status":"publish","type":"page","link":"https:\/\/larex.poli.usp.br\/en\/reciclagem-de-baterias-de-carros-eletricos-a-partir-de-metodos-hidrometalurgicos-e-sustentaveis\/","title":{"rendered":"(Portugu\u00eas do Brasil) <center>Reciclagem de baterias de carros el\u00e9tricos a partir de m\u00e9todos hidrometal\u00fargicos e sustent\u00e1veis"},"content":{"rendered":"<p class=\"qtranxs-available-languages-message qtranxs-available-languages-message-en\">Sorry, this entry is only available in <a href=\"https:\/\/larex.poli.usp.br\/pb\/wp-json\/wp\/v2\/pages\/2325\" class=\"qtranxs-available-language-link qtranxs-available-language-link-pb\" title=\"Portugu\u00eas do Brasil\">Portugu\u00eas do Brasil<\/a>.<\/p>","protected":false},"excerpt":{"rendered":"<p>Sorry, this entry is only available in Portugu\u00eas do Brasil.<\/p>\n","protected":false},"author":21745,"featured_media":0,"parent":0,"menu_order":0,"comment_status":"closed","ping_status":"closed","template":"","meta":{"footnotes":"","_links_to":"","_links_to_target":""},"class_list":["post-2325","page","type-page","status-publish","hentry"],"_links":{"self":[{"href":"https:\/\/larex.poli.usp.br\/en\/wp-json\/wp\/v2\/pages\/2325","targetHints":{"allow":["GET"]}}],"collection":[{"href":"https:\/\/larex.poli.usp.br\/en\/wp-json\/wp\/v2\/pages"}],"about":[{"href":"https:\/\/larex.poli.usp.br\/en\/wp-json\/wp\/v2\/types\/page"}],"author":[{"embeddable":true,"href":"https:\/\/larex.poli.usp.br\/en\/wp-json\/wp\/v2\/users\/21745"}],"replies":[{"embeddable":true,"href":"https:\/\/larex.poli.usp.br\/en\/wp-json\/wp\/v2\/comments?post=2325"}],"version-history":[{"count":4,"href":"https:\/\/larex.poli.usp.br\/en\/wp-json\/wp\/v2\/pages\/2325\/revisions"}],"predecessor-version":[{"id":3241,"href":"https:\/\/larex.poli.usp.br\/en\/wp-json\/wp\/v2\/pages\/2325\/revisions\/3241"}],"wp:attachment":[{"href":"https:\/\/larex.poli.usp.br\/en\/wp-json\/wp\/v2\/media?parent=2325"}],"curies":[{"name":"wp","href":"https:\/\/api.w.org\/{rel}","templated":true}]}}