{"id":3691,"date":"2022-09-09T09:59:01","date_gmt":"2022-09-09T12:59:01","guid":{"rendered":"http:\/\/larex.poli.usp.br\/?page_id=3691"},"modified":"2022-09-19T13:00:44","modified_gmt":"2022-09-19T16:00:44","slug":"desenvolvimento-e-validacao-de-metodos-de-analise-elementar-de-estanho-tantalo-e-niobio-em-escoria-de-producao-de-estanho","status":"publish","type":"page","link":"https:\/\/larex.poli.usp.br\/en\/desenvolvimento-e-validacao-de-metodos-de-analise-elementar-de-estanho-tantalo-e-niobio-em-escoria-de-producao-de-estanho\/","title":{"rendered":"(Portugu\u00eas do Brasil) Desenvolvimento e valida\u00e7\u00e3o de m\u00e9todos de an\u00e1lise elementar de estanho, t\u00e2ntalo e ni\u00f3bio em esc\u00f3ria de produ\u00e7\u00e3o de estanho"},"content":{"rendered":"<p class=\"qtranxs-available-languages-message qtranxs-available-languages-message-en\">Sorry, this entry is only available in <a href=\"https:\/\/larex.poli.usp.br\/pb\/wp-json\/wp\/v2\/pages\/3691\" class=\"qtranxs-available-language-link qtranxs-available-language-link-pb\" title=\"Portugu\u00eas do Brasil\">Portugu\u00eas do Brasil<\/a>.<\/p>","protected":false},"excerpt":{"rendered":"<p>Sorry, this entry is only available in Portugu\u00eas do Brasil.<\/p>\n","protected":false},"author":22484,"featured_media":0,"parent":0,"menu_order":0,"comment_status":"closed","ping_status":"closed","template":"","meta":{"footnotes":"","_links_to":"","_links_to_target":""},"class_list":["post-3691","page","type-page","status-publish","hentry"],"_links":{"self":[{"href":"https:\/\/larex.poli.usp.br\/en\/wp-json\/wp\/v2\/pages\/3691","targetHints":{"allow":["GET"]}}],"collection":[{"href":"https:\/\/larex.poli.usp.br\/en\/wp-json\/wp\/v2\/pages"}],"about":[{"href":"https:\/\/larex.poli.usp.br\/en\/wp-json\/wp\/v2\/types\/page"}],"author":[{"embeddable":true,"href":"https:\/\/larex.poli.usp.br\/en\/wp-json\/wp\/v2\/users\/22484"}],"replies":[{"embeddable":true,"href":"https:\/\/larex.poli.usp.br\/en\/wp-json\/wp\/v2\/comments?post=3691"}],"version-history":[{"count":3,"href":"https:\/\/larex.poli.usp.br\/en\/wp-json\/wp\/v2\/pages\/3691\/revisions"}],"predecessor-version":[{"id":3810,"href":"https:\/\/larex.poli.usp.br\/en\/wp-json\/wp\/v2\/pages\/3691\/revisions\/3810"}],"wp:attachment":[{"href":"https:\/\/larex.poli.usp.br\/en\/wp-json\/wp\/v2\/media?parent=3691"}],"curies":[{"name":"wp","href":"https:\/\/api.w.org\/{rel}","templated":true}]}}