{"id":4149,"date":"2025-04-25T12:28:06","date_gmt":"2025-04-25T15:28:06","guid":{"rendered":"https:\/\/larex.poli.usp.br\/?page_id=4149"},"modified":"2025-04-25T15:17:10","modified_gmt":"2025-04-25T18:17:10","slug":"recuperacao-de-terras-raras-dos-residuos-de-mineracao","status":"publish","type":"page","link":"https:\/\/larex.poli.usp.br\/en\/recuperacao-de-terras-raras-dos-residuos-de-mineracao\/","title":{"rendered":"(Portugu\u00eas do Brasil) <center>RECUPERA\u00c7\u00c3O DE TERRAS RARAS DOS RESIDUOS DE MINERA\u00c7\u00c3O<center>"},"content":{"rendered":"<p class=\"qtranxs-available-languages-message qtranxs-available-languages-message-en\">Sorry, this entry is only available in <a href=\"https:\/\/larex.poli.usp.br\/pb\/wp-json\/wp\/v2\/pages\/4149\" class=\"qtranxs-available-language-link qtranxs-available-language-link-pb\" title=\"Portugu\u00eas do Brasil\">Portugu\u00eas do Brasil<\/a>.<\/p>","protected":false},"excerpt":{"rendered":"<p>Sorry, this entry is only available in Portugu\u00eas do Brasil.<\/p>\n","protected":false},"author":22484,"featured_media":0,"parent":0,"menu_order":0,"comment_status":"closed","ping_status":"closed","template":"","meta":{"footnotes":"","_links_to":"","_links_to_target":""},"class_list":["post-4149","page","type-page","status-publish","hentry"],"_links":{"self":[{"href":"https:\/\/larex.poli.usp.br\/en\/wp-json\/wp\/v2\/pages\/4149","targetHints":{"allow":["GET"]}}],"collection":[{"href":"https:\/\/larex.poli.usp.br\/en\/wp-json\/wp\/v2\/pages"}],"about":[{"href":"https:\/\/larex.poli.usp.br\/en\/wp-json\/wp\/v2\/types\/page"}],"author":[{"embeddable":true,"href":"https:\/\/larex.poli.usp.br\/en\/wp-json\/wp\/v2\/users\/22484"}],"replies":[{"embeddable":true,"href":"https:\/\/larex.poli.usp.br\/en\/wp-json\/wp\/v2\/comments?post=4149"}],"version-history":[{"count":4,"href":"https:\/\/larex.poli.usp.br\/en\/wp-json\/wp\/v2\/pages\/4149\/revisions"}],"predecessor-version":[{"id":4201,"href":"https:\/\/larex.poli.usp.br\/en\/wp-json\/wp\/v2\/pages\/4149\/revisions\/4201"}],"wp:attachment":[{"href":"https:\/\/larex.poli.usp.br\/en\/wp-json\/wp\/v2\/media?parent=4149"}],"curies":[{"name":"wp","href":"https:\/\/api.w.org\/{rel}","templated":true}]}}