{"id":4158,"date":"2025-04-25T13:03:52","date_gmt":"2025-04-25T16:03:52","guid":{"rendered":"https:\/\/larex.poli.usp.br\/?page_id=4158"},"modified":"2025-04-25T15:18:35","modified_gmt":"2025-04-25T18:18:35","slug":"avaliacao-do-potencial-de-biossorcao-dos-fungos-na-purificacao-de-um-licor-de-lixiviacao-de-baterias-de-ions-de-li","status":"publish","type":"page","link":"https:\/\/larex.poli.usp.br\/en\/avaliacao-do-potencial-de-biossorcao-dos-fungos-na-purificacao-de-um-licor-de-lixiviacao-de-baterias-de-ions-de-li\/","title":{"rendered":"(Portugu\u00eas do Brasil) <center>AVALIA\u00c7\u00c3O DO POTENCIAL DE BIOSSOR\u00c7\u00c3O DOS FUNGOS NA PURIFICA\u00c7\u00c3O DE UM LICOR DE LIXIVIA\u00c7\u00c3O DE BATERIAS DE \u00cdONS DE LI<center>"},"content":{"rendered":"<p class=\"qtranxs-available-languages-message qtranxs-available-languages-message-en\">Sorry, this entry is only available in <a href=\"https:\/\/larex.poli.usp.br\/pb\/wp-json\/wp\/v2\/pages\/4158\" class=\"qtranxs-available-language-link qtranxs-available-language-link-pb\" title=\"Portugu\u00eas do Brasil\">Portugu\u00eas do Brasil<\/a>.<\/p>","protected":false},"excerpt":{"rendered":"<p>Sorry, this entry is only available in Portugu\u00eas do Brasil.<\/p>\n","protected":false},"author":22484,"featured_media":0,"parent":0,"menu_order":0,"comment_status":"closed","ping_status":"closed","template":"","meta":{"footnotes":"","_links_to":"","_links_to_target":""},"class_list":["post-4158","page","type-page","status-publish","hentry"],"_links":{"self":[{"href":"https:\/\/larex.poli.usp.br\/en\/wp-json\/wp\/v2\/pages\/4158","targetHints":{"allow":["GET"]}}],"collection":[{"href":"https:\/\/larex.poli.usp.br\/en\/wp-json\/wp\/v2\/pages"}],"about":[{"href":"https:\/\/larex.poli.usp.br\/en\/wp-json\/wp\/v2\/types\/page"}],"author":[{"embeddable":true,"href":"https:\/\/larex.poli.usp.br\/en\/wp-json\/wp\/v2\/users\/22484"}],"replies":[{"embeddable":true,"href":"https:\/\/larex.poli.usp.br\/en\/wp-json\/wp\/v2\/comments?post=4158"}],"version-history":[{"count":4,"href":"https:\/\/larex.poli.usp.br\/en\/wp-json\/wp\/v2\/pages\/4158\/revisions"}],"predecessor-version":[{"id":4202,"href":"https:\/\/larex.poli.usp.br\/en\/wp-json\/wp\/v2\/pages\/4158\/revisions\/4202"}],"wp:attachment":[{"href":"https:\/\/larex.poli.usp.br\/en\/wp-json\/wp\/v2\/media?parent=4158"}],"curies":[{"name":"wp","href":"https:\/\/api.w.org\/{rel}","templated":true}]}}