{"id":4173,"date":"2025-04-25T13:50:07","date_gmt":"2025-04-25T16:50:07","guid":{"rendered":"https:\/\/larex.poli.usp.br\/?page_id=4173"},"modified":"2025-07-29T13:42:43","modified_gmt":"2025-07-29T16:42:43","slug":"4173-2","status":"publish","type":"page","link":"https:\/\/larex.poli.usp.br\/en\/4173-2\/","title":{"rendered":"(Portugu\u00eas do Brasil) <center> Separa\u00e7\u00e3o seletiva por eletrodi\u00e1lise dos materiais cr\u00edticos presentes em res\u00edduos de baterias de\u00a0\u00edons\u00a0de\u00a0l\u00edtio <center>"},"content":{"rendered":"<p class=\"qtranxs-available-languages-message qtranxs-available-languages-message-en\">Sorry, this entry is only available in <a href=\"https:\/\/larex.poli.usp.br\/pb\/wp-json\/wp\/v2\/pages\/4173\" class=\"qtranxs-available-language-link qtranxs-available-language-link-pb\" title=\"Portugu\u00eas do Brasil\">Portugu\u00eas do Brasil<\/a>.<\/p>","protected":false},"excerpt":{"rendered":"<p>Sorry, this entry is only available in Portugu\u00eas do Brasil.<\/p>\n","protected":false},"author":22484,"featured_media":0,"parent":0,"menu_order":0,"comment_status":"closed","ping_status":"closed","template":"","meta":{"footnotes":"","_links_to":"","_links_to_target":""},"class_list":["post-4173","page","type-page","status-publish","hentry"],"_links":{"self":[{"href":"https:\/\/larex.poli.usp.br\/en\/wp-json\/wp\/v2\/pages\/4173","targetHints":{"allow":["GET"]}}],"collection":[{"href":"https:\/\/larex.poli.usp.br\/en\/wp-json\/wp\/v2\/pages"}],"about":[{"href":"https:\/\/larex.poli.usp.br\/en\/wp-json\/wp\/v2\/types\/page"}],"author":[{"embeddable":true,"href":"https:\/\/larex.poli.usp.br\/en\/wp-json\/wp\/v2\/users\/22484"}],"replies":[{"embeddable":true,"href":"https:\/\/larex.poli.usp.br\/en\/wp-json\/wp\/v2\/comments?post=4173"}],"version-history":[{"count":4,"href":"https:\/\/larex.poli.usp.br\/en\/wp-json\/wp\/v2\/pages\/4173\/revisions"}],"predecessor-version":[{"id":4255,"href":"https:\/\/larex.poli.usp.br\/en\/wp-json\/wp\/v2\/pages\/4173\/revisions\/4255"}],"wp:attachment":[{"href":"https:\/\/larex.poli.usp.br\/en\/wp-json\/wp\/v2\/media?parent=4173"}],"curies":[{"name":"wp","href":"https:\/\/api.w.org\/{rel}","templated":true}]}}