{"id":4230,"date":"2025-04-25T16:47:21","date_gmt":"2025-04-25T19:47:21","guid":{"rendered":"https:\/\/larex.poli.usp.br\/?page_id=4230"},"modified":"2025-04-25T16:49:56","modified_gmt":"2025-04-25T19:49:56","slug":"desenvolvimento-de-uma-rota-hidrometalurgica-para-obtencao-de-um-concentrado-de-elementos-terras-raras-etrs","status":"publish","type":"page","link":"https:\/\/larex.poli.usp.br\/en\/desenvolvimento-de-uma-rota-hidrometalurgica-para-obtencao-de-um-concentrado-de-elementos-terras-raras-etrs\/","title":{"rendered":"(Portugu\u00eas do Brasil) <center>DESENVOLVIMENTO DE UMA ROTA HIDROMETAL\u00daRGICA PARA OBTEN\u00c7\u00c3O DE UM CONCENTRADO DE ELEMENTOS TERRAS RARAS (ETRS)<center>"},"content":{"rendered":"<p class=\"qtranxs-available-languages-message qtranxs-available-languages-message-en\">Sorry, this entry is only available in <a href=\"https:\/\/larex.poli.usp.br\/pb\/wp-json\/wp\/v2\/pages\/4230\" class=\"qtranxs-available-language-link qtranxs-available-language-link-pb\" title=\"Portugu\u00eas do Brasil\">Portugu\u00eas do Brasil<\/a>.<\/p>","protected":false},"excerpt":{"rendered":"<p>Sorry, this entry is only available in Portugu\u00eas do Brasil.<\/p>\n","protected":false},"author":22484,"featured_media":0,"parent":0,"menu_order":0,"comment_status":"closed","ping_status":"closed","template":"","meta":{"footnotes":"","_links_to":"","_links_to_target":""},"class_list":["post-4230","page","type-page","status-publish","hentry"],"_links":{"self":[{"href":"https:\/\/larex.poli.usp.br\/en\/wp-json\/wp\/v2\/pages\/4230","targetHints":{"allow":["GET"]}}],"collection":[{"href":"https:\/\/larex.poli.usp.br\/en\/wp-json\/wp\/v2\/pages"}],"about":[{"href":"https:\/\/larex.poli.usp.br\/en\/wp-json\/wp\/v2\/types\/page"}],"author":[{"embeddable":true,"href":"https:\/\/larex.poli.usp.br\/en\/wp-json\/wp\/v2\/users\/22484"}],"replies":[{"embeddable":true,"href":"https:\/\/larex.poli.usp.br\/en\/wp-json\/wp\/v2\/comments?post=4230"}],"version-history":[{"count":4,"href":"https:\/\/larex.poli.usp.br\/en\/wp-json\/wp\/v2\/pages\/4230\/revisions"}],"predecessor-version":[{"id":4234,"href":"https:\/\/larex.poli.usp.br\/en\/wp-json\/wp\/v2\/pages\/4230\/revisions\/4234"}],"wp:attachment":[{"href":"https:\/\/larex.poli.usp.br\/en\/wp-json\/wp\/v2\/media?parent=4230"}],"curies":[{"name":"wp","href":"https:\/\/api.w.org\/{rel}","templated":true}]}}