{"id":4293,"date":"2025-05-05T14:56:56","date_gmt":"2025-05-05T17:56:56","guid":{"rendered":"https:\/\/larex.poli.usp.br\/?page_id=4293"},"modified":"2025-07-29T13:47:44","modified_gmt":"2025-07-29T16:47:44","slug":"terras-raras","status":"publish","type":"page","link":"https:\/\/larex.poli.usp.br\/en\/terras-raras\/","title":{"rendered":"(Portugu\u00eas do Brasil) <center> TERRAS RARAS <center>"},"content":{"rendered":"<div class=\"wp-block-image\">\r\n<figure class=\"aligncenter size-large\"><a href=\"https:\/\/larex.poli.usp.br\/wp-content\/uploads\/sites\/687\/2025\/05\/Imagem2.png\"><img decoding=\"async\" width=\"665\" height=\"1024\" src=\"https:\/\/larex.poli.usp.br\/wp-content\/uploads\/sites\/687\/2025\/05\/Imagem2-665x1024.png\" alt=\"\" class=\"wp-image-4301\" srcset=\"https:\/\/larex.poli.usp.br\/wp-content\/uploads\/sites\/687\/2025\/05\/Imagem2-665x1024.png 665w, https:\/\/larex.poli.usp.br\/wp-content\/uploads\/sites\/687\/2025\/05\/Imagem2-195x300.png 195w, https:\/\/larex.poli.usp.br\/wp-content\/uploads\/sites\/687\/2025\/05\/Imagem2-768x1182.png 768w, https:\/\/larex.poli.usp.br\/wp-content\/uploads\/sites\/687\/2025\/05\/Imagem2-998x1536.png 998w, https:\/\/larex.poli.usp.br\/wp-content\/uploads\/sites\/687\/2025\/05\/Imagem2-1330x2048.png 1330w, https:\/\/larex.poli.usp.br\/wp-content\/uploads\/sites\/687\/2025\/05\/Imagem2-390x600.png 390w, https:\/\/larex.poli.usp.br\/wp-content\/uploads\/sites\/687\/2025\/05\/Imagem2.png 1768w\" sizes=\"(max-width: 665px) 100vw, 665px\" \/><\/a><\/figure>\r\n<\/div>\r\n\r\n\r\n<p>    As terras raras s\u00e3o um grupo de 17 elementos qu\u00edmicos, incluindo os 15 lantan\u00eddeos, al\u00e9m do esc\u00e2ndio e do \u00edtrio. Embora n\u00e3o sejam escassos na crosta terrestre, s\u00e3o denominados \u201craros\u201d devido \u00e0 sua dispers\u00e3o e \u00e0 complexidade de extra\u00e7\u00e3o e separa\u00e7\u00e3o. Esses elementos s\u00e3o estrat\u00e9gicos para a tecnologia e fundamentais para economia.<\/p>\r\n\r\n\r\n\r\n<p>    S\u00e3o utilizados em turbinas e\u00f3licas e ve\u00edculos el\u00e9tricos, destacam-se os \u00edm\u00e3s permanentes fabricados com neod\u00edmio (Nd) e praseod\u00edmio (Pr). No setor de eletr\u00f4nicos e displays, elementos como \u00edtrio (Y), t\u00e9rbio (Tb), eur\u00f3pio (Eu), gadol\u00ednio (Gd) e c\u00e9rio (Ce) s\u00e3o usados em telas de LED, monitores, smartphones e TVs, sendo o eur\u00f3pio respons\u00e1vel pela cor vermelha, o t\u00e9rbio pela verde, e o c\u00e9rio empregado no polimento de vidros. O lant\u00e2nio (La), por sua vez, \u00e9 usado na fabrica\u00e7\u00e3o de lentes. Em baterias recarreg\u00e1veis do tipo NiMH, comuns em ve\u00edculos h\u00edbridos, utilizam-se lant\u00e2nio, c\u00e9rio, neod\u00edmio e praseod\u00edmio. No setor aeroespacial, as terras raras s\u00e3o indispens\u00e1veis em sensores, sistemas de guiagem, lasers e ligas met\u00e1licas especiais, utilizando-se gadol\u00ednio, sam\u00e1rio, neod\u00edmio, dispr\u00f3sio e it\u00e9rbio. O gadol\u00ednio \u00e9 amplamente usado como agente de contraste em resson\u00e2ncias magn\u00e9ticas, enquanto o lut\u00e9cio tem aplica\u00e7\u00e3o em radioterapia e o t\u00e9rbio em pesquisas de imagem biom\u00e9dica.<\/p>\r\n\r\n\r\n\r\n<p>    As fontes prim\u00e1rias s\u00e3o minerais como a bastnasita (rica em lant\u00e2nio, c\u00e9rio e neod\u00edmio), a monazita (que cont\u00e9m c\u00e9rio, lant\u00e2nio, t\u00f3rio e neod\u00edmio), a xenotima (rica em \u00edtrio e terras raras pesadas) e as argilas i\u00f4nicas ( fontes de dispr\u00f3sio, t\u00e9rbio e \u00edtrio). Esses min\u00e9rios s\u00e3o encontrados em dep\u00f3sitos situados principalmente na China, Estados Unidos, Austr\u00e1lia, \u00cdndia, Brasil e R\u00fassia.<\/p>\r\n\r\n\r\n\r\n<p>    No entanto, diante do crescimento da demanda global e das preocupa\u00e7\u00f5es ambientais relacionadas \u00e0 minera\u00e7\u00e3o convencional, tem aumentado o interesse pela recupera\u00e7\u00e3o de terras raras a partir de fontes secund\u00e1rias, como res\u00edduos eletr\u00f4nicos, \u00edm\u00e3s permanentes usados, catalisadores automotivos descartados e rejeitos industriais. Essas rotas secund\u00e1rias, baseadas em t\u00e9cnicas hidrometal\u00fargicas como lixivia\u00e7\u00e3o e extra\u00e7\u00e3o por solventes, promovendo a economia circular e reduzindo a depend\u00eancia da minera\u00e7\u00e3o prim\u00e1ria.<\/p>\r\n\r\n\r\n\r\n<p>    Atualmente, a China domina tanto a extra\u00e7\u00e3o quanto a produ\u00e7\u00e3o e o refino de terras raras, controlando aproximadamente 60% do fornecimento global e detendo a maior parte da cadeia tecnol\u00f3gica. Embora o Brasil possua reservas significativas, especialmente de monazita, o pa\u00eds ainda carece de tecnologia pr\u00f3pria para o processamento e separa\u00e7\u00e3o, o que limita sua capacidade de inser\u00e7\u00e3o no mercado internacional e refor\u00e7a a depend\u00eancia de centros produtores j\u00e1 consolidados, como a China.<\/p>\r\n\r\n\r\n<p>","protected":false},"excerpt":{"rendered":"<p>As terras raras s\u00e3o um grupo de 17 elementos qu\u00edmicos, incluindo os 15 lantan\u00eddeos, al\u00e9m [&hellip;]<\/p>\n","protected":false},"author":22484,"featured_media":0,"parent":0,"menu_order":0,"comment_status":"closed","ping_status":"closed","template":"","meta":{"footnotes":"","_links_to":"","_links_to_target":""},"class_list":["post-4293","page","type-page","status-publish","hentry"],"_links":{"self":[{"href":"https:\/\/larex.poli.usp.br\/en\/wp-json\/wp\/v2\/pages\/4293","targetHints":{"allow":["GET"]}}],"collection":[{"href":"https:\/\/larex.poli.usp.br\/en\/wp-json\/wp\/v2\/pages"}],"about":[{"href":"https:\/\/larex.poli.usp.br\/en\/wp-json\/wp\/v2\/types\/page"}],"author":[{"embeddable":true,"href":"https:\/\/larex.poli.usp.br\/en\/wp-json\/wp\/v2\/users\/22484"}],"replies":[{"embeddable":true,"href":"https:\/\/larex.poli.usp.br\/en\/wp-json\/wp\/v2\/comments?post=4293"}],"version-history":[{"count":4,"href":"https:\/\/larex.poli.usp.br\/en\/wp-json\/wp\/v2\/pages\/4293\/revisions"}],"predecessor-version":[{"id":4373,"href":"https:\/\/larex.poli.usp.br\/en\/wp-json\/wp\/v2\/pages\/4293\/revisions\/4373"}],"wp:attachment":[{"href":"https:\/\/larex.poli.usp.br\/en\/wp-json\/wp\/v2\/media?parent=4293"}],"curies":[{"name":"wp","href":"https:\/\/api.w.org\/{rel}","templated":true}]}}