{"id":4310,"date":"2025-05-05T16:32:24","date_gmt":"2025-05-05T19:32:24","guid":{"rendered":"https:\/\/larex.poli.usp.br\/?page_id=4310"},"modified":"2025-05-09T13:42:35","modified_gmt":"2025-05-09T16:42:35","slug":"economia-circular","status":"publish","type":"page","link":"https:\/\/larex.poli.usp.br\/en\/economia-circular\/","title":{"rendered":"(Portugu\u00eas do Brasil) <center> ECONOMIA CIRCULAR <center>"},"content":{"rendered":"<p>A economia circular \u00e9 definida como um sistema econ\u00f4mico em que o manejo de recursos naturais e energ\u00e9ticos \u00e9 realizado de forma sustent\u00e1vel, visando reduzir ou eliminar (quando poss\u00edvel) a extra\u00e7\u00e3o de recursos n\u00e3o renov\u00e1veis. O sistema econ\u00f4mico e produtivo adiciona etapas na cadeia, visando o uso c\u00edclico de recursos prim\u00e1rios e secund\u00e1rios. Dessa forma, o ciclo de vida das mat\u00e9rias-primas naturais tende a ser estendido. Essencialmente, a economia circular envolve minera\u00e7\u00e3o urbana, desenvolvimento de materiais e engenharia, e ferramentas de gest\u00e3o de res\u00edduos, como redu\u00e7\u00e3o, reutiliza\u00e7\u00e3o e reciclagem. Na economia circular, as pessoas s\u00e3o vistas como participantes ativas, em vez de consumidoras passivas, sendo incentivadas a participar do processo. Al\u00e9m disso, a economia circular enfatiza fortemente a colabora\u00e7\u00e3o, com empresas, governos e indiv\u00edduos, trabalhando juntos para criar um futuro mais sustent\u00e1vel. Dessa forma, as pessoas e o meio ambiente s\u00e3o valorizados e protegidos. Colocar as pessoas no centro desse sistema pode criar um futuro mais pr\u00f3spero e resiliente para todos.<\/p>\r\n\r\n\r\n\r\n<p>Nos \u00faltimos anos, a abordagem da economia circular e a inova\u00e7\u00e3o tecnol\u00f3gica t\u00eam se mostrado uma forma altamente eficiente de reduzir a quantidade de res\u00edduos finais e diminuir o uso de mat\u00e9rias-primas (recursos naturais virgens). Ao mesmo tempo, o aumento da efici\u00eancia produtiva e o uso de tecnologias mais sustent\u00e1veis possibilitam uma vida de qualidade em rela\u00e7\u00e3o \u00e0 sa\u00fade ambiental. Apesar dos esfor\u00e7os anteriores para uma mudan\u00e7a, o ritmo atual de transforma\u00e7\u00e3o rumo \u00e0 circularidade precisa ser aprimorado com abordagens pol\u00edticas mais eficazes e novos modelos de neg\u00f3cios para mitigar as press\u00f5es dos limites planet\u00e1rios.<\/p>\r\n\r\n\r\n\r\n<p>A transi\u00e7\u00e3o para uma economia circular tem exigido esfor\u00e7os multilaterais para estabelecer consenso entre as partes envolvidas, superando as limita\u00e7\u00f5es geopol\u00edticas e aderindo \u00e0 sustentabilidade global. O principal desafio \u00e9 o trabalho conjunto de todas essas \u00e1reas, aliado a tecnologias mais sustent\u00e1veis e menor impacto ambiental, com pol\u00edticas p\u00fablicas sustent\u00e1veis inclusivas. Essa abordagem multissetorial \u00e9 fundamental para o sucesso da estrat\u00e9gia de transi\u00e7\u00e3o energ\u00e9tica da sociedade.<\/p>\r\n\r\n\r\n\r\n<p>A economia circular tem sido endossada como uma pol\u00edtica para minimizar os impactos ambientais e estimular a economia. \u00c9 um conceito abrangente que abrange diferentes \u00e1reas, desde a extra\u00e7\u00e3o de recursos naturais at\u00e9 a produ\u00e7\u00e3o, distribui\u00e7\u00e3o e tratamento de res\u00edduos.<br><br><\/p>\r\n\r\n\r\n<p>","protected":false},"excerpt":{"rendered":"<p>A economia circular \u00e9 definida como um sistema econ\u00f4mico em que o manejo de recursos [&hellip;]<\/p>\n","protected":false},"author":22484,"featured_media":0,"parent":0,"menu_order":0,"comment_status":"closed","ping_status":"closed","template":"","meta":{"footnotes":"","_links_to":"","_links_to_target":""},"class_list":["post-4310","page","type-page","status-publish","hentry"],"_links":{"self":[{"href":"https:\/\/larex.poli.usp.br\/en\/wp-json\/wp\/v2\/pages\/4310","targetHints":{"allow":["GET"]}}],"collection":[{"href":"https:\/\/larex.poli.usp.br\/en\/wp-json\/wp\/v2\/pages"}],"about":[{"href":"https:\/\/larex.poli.usp.br\/en\/wp-json\/wp\/v2\/types\/page"}],"author":[{"embeddable":true,"href":"https:\/\/larex.poli.usp.br\/en\/wp-json\/wp\/v2\/users\/22484"}],"replies":[{"embeddable":true,"href":"https:\/\/larex.poli.usp.br\/en\/wp-json\/wp\/v2\/comments?post=4310"}],"version-history":[{"count":3,"href":"https:\/\/larex.poli.usp.br\/en\/wp-json\/wp\/v2\/pages\/4310\/revisions"}],"predecessor-version":[{"id":4349,"href":"https:\/\/larex.poli.usp.br\/en\/wp-json\/wp\/v2\/pages\/4310\/revisions\/4349"}],"wp:attachment":[{"href":"https:\/\/larex.poli.usp.br\/en\/wp-json\/wp\/v2\/media?parent=4310"}],"curies":[{"name":"wp","href":"https:\/\/api.w.org\/{rel}","templated":true}]}}