{"id":522,"date":"2015-06-29T15:31:27","date_gmt":"2015-06-29T18:31:27","guid":{"rendered":"http:\/\/sites.usp.br\/larex\/?page_id=522"},"modified":"2015-06-29T17:06:41","modified_gmt":"2015-06-29T20:06:41","slug":"centro-de-pesquisa-inovacao-e-difusao-em-neuromatematica-neuromat","status":"publish","type":"page","link":"https:\/\/larex.poli.usp.br\/en\/cepid-centro-de-pesquisa-inovacao-e-difusao__trashed\/centro-de-pesquisa-inovacao-e-difusao-em-neuromatematica-neuromat\/","title":{"rendered":"Centro de Pesquisa, Inova\u00e7\u00e3o e Difus\u00e3o em Neuromatem\u00e1tica (Neuromat)"},"content":{"rendered":"<p><a href=\"http:\/\/neuromat.numec.prp.usp.br\/pt-br\" target=\"_blank\"><img decoding=\"async\" src=\"http:\/\/sites.usp.br\/larex\/wp-content\/uploads\/sites\/67\/2015\/06\/logo_neuromat_300.jpg\" alt=\"logo_neuromat_300\" width=\"300\" height=\"72\" class=\"aligncenter size-full wp-image-523\" \/><\/a><\/p>\n<p>Os pesquisadores do Centro de Pesquisa, Inova\u00e7\u00e3o e Difus\u00e3o em Neuromatem\u00e1tica (Neuromat) se dedicam a desenvolver a matem\u00e1tica para analisar os processos que ocorrem dentro do c\u00e9rebro humano e entre os neur\u00f4nios, com o desafio de encontrar padr\u00f5es e leis que sirvam de respaldo te\u00f3rico para os avan\u00e7os da neuroci\u00eancia. Novas formas de lidar com gigantescos bancos de dados, a descri\u00e7\u00e3o matem\u00e1tica de fen\u00f4menos neurais, o entendimento dos padr\u00f5es de aprendizado, mem\u00f3ria e de reabilita\u00e7\u00e3o do sistema nervoso depois de traumas s\u00e3o alguns dos campos de pesquisas do grupo. \u00c9 um Centro de Pesquisa, Inova\u00e7\u00e3o e Difus\u00e3o (<a href=\"http:\/\/sites.usp.br\/larex\/cepid-centro-de-pesquisa-inovacao-e-difusao\/\" target=\"_blank\">Cepid<\/a>) financiado pela Fapesp.<\/p>\n<p><strong>Pesquisador respons\u00e1vel:<\/strong> Jefferson Antonio Galves<br \/>\n<strong>Coordenador de Educa\u00e7\u00e3o e Difus\u00e3o do Conhecimento:<\/strong> Ernst Wolfgang Hamburger<br \/>\n<strong>Coordenador de Transfer\u00eancia de Tecnologia:<\/strong> Linamara Rizzo Battistella<\/p>\n<p><strong>Telefone:<\/strong> +55 (11) 3091-1717<br \/>\n<strong>Local:<\/strong> Instituto de Matem\u00e1tica e Estat\u00edstica (IME)<br \/>\nCidade Universit\u00e1ria &#8211; USP<br \/>\nRua do Mat\u00e3o, 1010<br \/>\n<strong>e-mail:<\/strong> neuromat@numec.prp.usp.br<br \/>\n<strong>Assessoria de imprensa:<\/strong> comunicacao@numec.prp.usp.br<\/p>\n<p><strong>Site:<\/strong> <a href=\"http:\/\/neuromat.numec.prp.usp.br\/pt-br\" target=\"_blank\">http:\/\/neuromat.numec.prp.usp.br<\/a><br \/>\n<strong>P\u00e1gina na Fapesp:<\/strong> <a href=\"http:\/\/cepid.fapesp.br\/centro\/23\/\" target=\"_blank\">http:\/\/cepid.fapesp.br\/centro\/23<\/a><br \/>\n<strong>P\u00e1gina no Facebook:<\/strong> <a href=\"https:\/\/www.facebook.com\/neuromathematics\" target=\"_blank\">https:\/\/www.facebook.com\/neuromathematics<\/a><br \/>\n<strong>Folheto<\/strong> (em ingl\u00eas): <a href=\"http:\/\/sites.usp.br\/larex\/wp-content\/uploads\/sites\/67\/2015\/06\/NEUROMAT_23.pdf\" target=\"_blank\">Neuromat<\/a><\/p>\n","protected":false},"excerpt":{"rendered":"<p>Os pesquisadores do Centro de Pesquisa, Inova\u00e7\u00e3o e Difus\u00e3o em Neuromatem\u00e1tica (Neuromat) se dedicam a [&hellip;]<\/p>\n","protected":false},"author":118,"featured_media":0,"parent":450,"menu_order":0,"comment_status":"closed","ping_status":"closed","template":"","meta":{"footnotes":"","_links_to":"","_links_to_target":""},"class_list":["post-522","page","type-page","status-publish","hentry"],"_links":{"self":[{"href":"https:\/\/larex.poli.usp.br\/en\/wp-json\/wp\/v2\/pages\/522","targetHints":{"allow":["GET"]}}],"collection":[{"href":"https:\/\/larex.poli.usp.br\/en\/wp-json\/wp\/v2\/pages"}],"about":[{"href":"https:\/\/larex.poli.usp.br\/en\/wp-json\/wp\/v2\/types\/page"}],"author":[{"embeddable":true,"href":"https:\/\/larex.poli.usp.br\/en\/wp-json\/wp\/v2\/users\/118"}],"replies":[{"embeddable":true,"href":"https:\/\/larex.poli.usp.br\/en\/wp-json\/wp\/v2\/comments?post=522"}],"version-history":[{"count":3,"href":"https:\/\/larex.poli.usp.br\/en\/wp-json\/wp\/v2\/pages\/522\/revisions"}],"predecessor-version":[{"id":563,"href":"https:\/\/larex.poli.usp.br\/en\/wp-json\/wp\/v2\/pages\/522\/revisions\/563"}],"up":[{"embeddable":true,"href":"https:\/\/larex.poli.usp.br\/en\/wp-json\/wp\/v2\/pages\/450"}],"wp:attachment":[{"href":"https:\/\/larex.poli.usp.br\/en\/wp-json\/wp\/v2\/media?parent=522"}],"curies":[{"name":"wp","href":"https:\/\/api.w.org\/{rel}","templated":true}]}}